{"id":6913,"date":"2025-11-08T11:53:52","date_gmt":"2025-11-08T11:53:52","guid":{"rendered":"https:\/\/lightwallprints.com\/?page_id=6913"},"modified":"2026-01-13T10:12:43","modified_gmt":"2026-01-13T10:12:43","slug":"faq-es","status":"publish","type":"page","link":"https:\/\/test.lightwallprints.com\/es\/faq-es\/","title":{"rendered":"Preguntas Frecuentes (FAQ)"},"content":{"rendered":"\t\t<div data-elementor-type=\"wp-page\" data-elementor-id=\"6913\" class=\"elementor elementor-6913\" data-elementor-post-type=\"page\">\n\t\t\t\t<div class=\"elementor-element elementor-element-7d16f79 e-flex e-con-boxed e-con e-parent\" data-id=\"7d16f79\" data-element_type=\"container\" data-e-type=\"container\">\n\t\t\t\t\t<div class=\"e-con-inner\">\n\t\t\t\t<div class=\"elementor-element elementor-element-d03b757 elementor-align-right elementor-widget elementor-widget-button\" data-id=\"d03b757\" data-element_type=\"widget\" data-e-type=\"widget\" data-widget_type=\"button.default\">\n\t\t\t\t<div class=\"elementor-widget-container\">\n\t\t\t\t\t\t\t\t\t<div class=\"elementor-button-wrapper\">\n\t\t\t\t\t<a class=\"elementor-button elementor-button-link elementor-size-sm\" href=\"http:\/\/www.lightwallprints.com\/es\/\">\n\t\t\t\t\t\t<span class=\"elementor-button-content-wrapper\">\n\t\t\t\t\t\t\t\t\t<span class=\"elementor-button-text\">volver<\/span>\n\t\t\t\t\t<\/span>\n\t\t\t\t\t<\/a>\n\t\t\t\t<\/div>\n\t\t\t\t\t\t\t\t<\/div>\n\t\t\t\t<\/div>\n\t\t\t\t<div class=\"elementor-element elementor-element-40fdf4f elementor-widget elementor-widget-heading\" data-id=\"40fdf4f\" data-element_type=\"widget\" data-e-type=\"widget\" data-widget_type=\"heading.default\">\n\t\t\t\t<div class=\"elementor-widget-container\">\n\t\t\t\t\t<h1 class=\"elementor-heading-title elementor-size-default\">Preguntas frecuentes (FAQ)<\/h1>\t\t\t\t<\/div>\n\t\t\t\t<\/div>\n\t\t\t\t<div class=\"elementor-element elementor-element-7b277fe elementor-widget elementor-widget-heading\" data-id=\"7b277fe\" data-element_type=\"widget\" data-e-type=\"widget\" data-widget_type=\"heading.default\">\n\t\t\t\t<div class=\"elementor-widget-container\">\n\t\t\t\t\t<h2 class=\"elementor-heading-title elementor-size-default\">Qu\u00e9 tipo de impresiones ofrece Lightwall Prints?<\/h2>\t\t\t\t<\/div>\n\t\t\t\t<\/div>\n\t\t\t\t<div class=\"elementor-element elementor-element-ee9b8d1 elementor-widget elementor-widget-text-editor\" data-id=\"ee9b8d1\" data-element_type=\"widget\" data-e-type=\"widget\" data-widget_type=\"text-editor.default\">\n\t\t\t\t<div class=\"elementor-widget-container\">\n\t\t\t\t\t\t\t\t\t<p><span style=\"font-weight: 400; font-family: Area; font-size: 12px;\">En Lightwall Prints nos especializamos en impresi\u00f3n de bellas artes, reproducciones fotogr\u00e1ficas, obras de edici\u00f3n limitada y proyectos decorativos personalizados. Trabajamos con papeles y lienzos certificados de calidad muse\u00edstica, garantizando una fidelidad crom\u00e1tica excepcional y una reproducci\u00f3n precisa de cada obra<\/span><\/p><p>\u00a0<\/p>\t\t\t\t\t\t\t\t<\/div>\n\t\t\t\t<\/div>\n\t\t\t\t<div class=\"elementor-element elementor-element-95675c5 elementor-widget elementor-widget-heading\" data-id=\"95675c5\" data-element_type=\"widget\" data-e-type=\"widget\" data-widget_type=\"heading.default\">\n\t\t\t\t<div class=\"elementor-widget-container\">\n\t\t\t\t\t<h2 class=\"elementor-heading-title elementor-size-default\">Qu\u00e9 tecnolog\u00eda de impresi\u00f3n se utiliza para la impresi\u00f3n Fine Art?<\/h2>\t\t\t\t<\/div>\n\t\t\t\t<\/div>\n\t\t\t\t<div class=\"elementor-element elementor-element-06c633a elementor-widget elementor-widget-text-editor\" data-id=\"06c633a\" data-element_type=\"widget\" data-e-type=\"widget\" data-widget_type=\"text-editor.default\">\n\t\t\t\t<div class=\"elementor-widget-container\">\n\t\t\t\t\t\t\t\t\t<p><span style=\"font-family: Area; font-size: 12px;\"><span style=\"font-weight: 400;\">En nuestras impresiones Fine Art utilizamos tecnolog\u00eda de inyecci\u00f3n de <\/span><b>tintas pigmentadas en base agua<\/b><span style=\"font-weight: 400;\">, reconocida por su <\/span><b>alta fidelidad crom\u00e1tica, durabilidad y precisi\u00f3n en los detalles<\/b><span style=\"font-weight: 400;\">. Trabajamos con la impresora <\/span><b>Epson SureColor SC-P20500<\/b><span style=\"font-weight: 400;\">, equipada con <\/span><b>12 cartuchos de color<\/b><span style=\"font-weight: 400;\">, incluyendo naranja, verde y violeta, lo que nos permite reproducir una amplia gama tonal y matices sutiles esenciales para la reproducci\u00f3n profesional de obras de arte y fotograf\u00eda.<\/span><span style=\"font-weight: 400;\"><br \/><\/span><span style=\"font-weight: 400;\">Esta tecnolog\u00eda garantiza impresiones de calidad museo, con colores estables, negros profundos y una extraordinaria definici\u00f3n, ideales para artistas, fot\u00f3grafos y coleccionistas que buscan la m\u00e1xima calidad Fine Art.<\/span><\/span><\/p><p>\u00a0<\/p>\t\t\t\t\t\t\t\t<\/div>\n\t\t\t\t<\/div>\n\t\t\t\t<div class=\"elementor-element elementor-element-a1508c2 elementor-widget elementor-widget-heading\" data-id=\"a1508c2\" data-element_type=\"widget\" data-e-type=\"widget\" data-widget_type=\"heading.default\">\n\t\t\t\t<div class=\"elementor-widget-container\">\n\t\t\t\t\t<h2 class=\"elementor-heading-title elementor-size-default\">Qu\u00e9 materiales de impresi\u00f3n ofrecen?<\/h2>\t\t\t\t<\/div>\n\t\t\t\t<\/div>\n\t\t\t\t<div class=\"elementor-element elementor-element-6da204c elementor-widget elementor-widget-text-editor\" data-id=\"6da204c\" data-element_type=\"widget\" data-e-type=\"widget\" data-widget_type=\"text-editor.default\">\n\t\t\t\t<div class=\"elementor-widget-container\">\n\t\t\t\t\t\t\t\t\t<p><span style=\"font-weight: 400; font-family: Area; font-size: 12px;\">En Lightwall Prints trabajamos con una selecci\u00f3n curada de soportes premium, elegidos por su durabilidad, textura y profundidad visual:<\/span><\/p><ul><li style=\"font-weight: 400;\" aria-level=\"1\"><span style=\"font-family: Area; font-size: 12px;\"><b>Papel Fine Art Hahnem\u00fchle:<\/b><span style=\"font-weight: 400;\"> papeles 100% algod\u00f3n, libres de \u00e1cido, con acabados mate, satinado o texturizado. Ideales para obras pict\u00f3ricas, acuarelas, ilustraciones y fotograf\u00eda art\u00edstica.<\/span><\/span><\/li><li style=\"font-weight: 400;\" aria-level=\"1\"><span style=\"font-family: Area; font-size: 12px;\"><b>Papeles de calidad premium: <\/b><span style=\"font-weight: 400;\">opci\u00f3n m\u00e1s econ\u00f3mica dentro de nuestra oferta, con buena calidad de impresi\u00f3n, buen tacto o acabado.<\/span><\/span><\/li><li style=\"font-weight: 400;\" aria-level=\"1\"><span style=\"font-family: Area; font-size: 12px;\"><b>Canvas (lienzo art\u00edstico):<\/b><span style=\"font-weight: 400;\"> textura natural y acabado mate, satinado o met\u00e1lico. Perfecto para reproducir pinturas o fotograf\u00edas con una presencia m\u00e1s pict\u00f3rica y c\u00e1lida.<\/span><\/span><\/li><li style=\"font-weight: 400;\" aria-level=\"1\"><span style=\"font-family: Area; font-size: 12px;\"><b>Placas de acr\u00edlico:<\/b><span style=\"font-weight: 400;\"> ofrecen una apariencia moderna, n\u00edtida y vibrante. El color cobra profundidad y contraste, ideal para fotograf\u00eda contempor\u00e1nea.<\/span><\/span><\/li><li style=\"font-weight: 400;\" aria-level=\"1\"><span style=\"font-family: Area; font-size: 12px;\"><b>Placas de aluminio composite:<\/b><span style=\"font-weight: 400;\"> soporte r\u00edgido y elegante, resistente a la humedad y al paso del tiempo. Muy utilizado en exposiciones y galer\u00edas.<\/span><\/span><\/li><li style=\"font-weight: 400;\" aria-level=\"1\"><span style=\"font-family: Area; font-size: 12px;\"><b>Cajas de luz (Lightbox):<\/b><span style=\"font-weight: 400;\"> nuestras exclusivas cajas de luz iluminadas desde el interior resaltan los contrastes y colores, dando vida a la obra con un efecto tridimensional y et\u00e9reo.<\/span><\/span><\/li><\/ul><p><span style=\"font-family: Area; font-size: 12px;\"><span style=\"font-weight: 400;\">Cada soporte se elige seg\u00fan la naturaleza de la obra y el resultado visual deseado. Todos ellos cumplen los <\/span><b>est\u00e1ndares de conservaci\u00f3n<\/b><span style=\"font-weight: 400;\"> m\u00e1s altos, lo que asegura una calidad excepcional y resistencia al paso del tiempo.<\/span><span style=\"font-weight: 400;\"><br \/><\/span><span style=\"font-weight: 400;\">Nuestro equipo te asesorar\u00e1 personalmente para encontrar la mejor opci\u00f3n para tu proyecto.<\/span><\/span><\/p><p>\u00a0<\/p>\t\t\t\t\t\t\t\t<\/div>\n\t\t\t\t<\/div>\n\t\t\t\t<div class=\"elementor-element elementor-element-b17e826 elementor-widget elementor-widget-heading\" data-id=\"b17e826\" data-element_type=\"widget\" data-e-type=\"widget\" data-widget_type=\"heading.default\">\n\t\t\t\t<div class=\"elementor-widget-container\">\n\t\t\t\t\t<h2 class=\"elementor-heading-title elementor-size-default\">\u00bfQu\u00e9 tipos de papeles utilizamos?<\/h2>\t\t\t\t<\/div>\n\t\t\t\t<\/div>\n\t\t\t\t<div class=\"elementor-element elementor-element-b1e8b4a elementor-widget elementor-widget-text-editor\" data-id=\"b1e8b4a\" data-element_type=\"widget\" data-e-type=\"widget\" data-widget_type=\"text-editor.default\">\n\t\t\t\t<div class=\"elementor-widget-container\">\n\t\t\t\t\t\t\t\t\t<p><span style=\"font-weight: 400; font-family: Area; font-size: 12px;\">Trabajamos con dos grandes l\u00edneas de soporte:<\/span><\/p><p><span style=\"font-family: Area; font-size: 12px;\"><b>Papeles de la l\u00ednea Hahnem\u00fchle (Fine Art premium):<\/b><\/span><\/p><ul><li style=\"font-weight: 400;\" aria-level=\"1\"><span style=\"font-family: Area; font-size: 12px;\"><b>Photo Rag\u00ae Matt:<\/b><span style=\"font-weight: 400;\"> 308 g\/m\u00b2,, 100% algod\u00f3n y acabado mate. Es un cl\u00e1sico todoterreno para bellas artes.\u00a0<\/span><\/span><\/li><li style=\"font-weight: 400;\" aria-level=\"1\"><span style=\"font-family: Area; font-size: 12px;\"><b>Photo Rag\u00ae Satin:<\/b><span style=\"font-weight: 400;\"> 310 g\/m\u00b2, 100% algod\u00f3n, revestimiento satinado-mate para obtener profundidad, negros intensos y excelente definici\u00f3n. Libre de \u00e1cido y lignina.<\/span><\/span><\/li><li style=\"font-weight: 400;\" aria-level=\"1\"><span style=\"font-family: Area; font-size: 12px;\"><b>Photo Rag\u00ae UltraSmooth:<\/b><span style=\"font-weight: 400;\"> 305 g\/m\u00b2, 100% algod\u00f3n, variante de superficie ultra-suave, ideal para detalles finos y trabajos fotogr\u00e1ficos exigentes.<\/span><\/span><\/li><li style=\"font-weight: 400;\" aria-level=\"1\"><span style=\"font-family: Area; font-size: 12px;\"><b>Photo Rag\u00ae Metallic:<\/b><span style=\"font-weight: 400;\"> 340 g\/m\u00b2, 100 % algod\u00f3n, papel de algod\u00f3n con revestimiento met\u00e1lico que otorga un acabado de brillo plateado, dise\u00f1ado para efectos brillantes, gran impacto visual.\u00a0<\/span><\/span><\/li><li style=\"font-weight: 400;\" aria-level=\"1\"><span style=\"font-family: Area; font-size: 12px;\"><b>Photo Rag\u00ae Baryta<\/b><span style=\"font-weight: 400;\">: 315 g\/m\u00b2, 100% \u03b1-celulosa, papel blanco claro de alto brillo con sulfato de bario en el recubrimiento, dise\u00f1ado como alternativa al papel baritado anal\u00f3gico, con gran profundidad tonal.\u00a0<\/span><\/span><\/li><li style=\"font-weight: 400;\" aria-level=\"1\"><span style=\"font-family: Area; font-size: 12px;\"><b>Photo Rag\u00ae Bamboo (Natural Line)<\/b><span style=\"font-weight: 400;\">: 290 g\/m\u00b2, 90% fibras de bamb\u00fa, 10% algod\u00f3n, tono c\u00e1lido blanco natural es una opci\u00f3n ecol\u00f3gica que representa para la industria del papel, el respeto a la naturaleza y al medioambiente.<\/span><\/span><\/li><li style=\"font-weight: 400;\" aria-level=\"1\"><span style=\"font-family: Area; font-size: 12px;\"><b>Photo Rag\u00ae Bamboo Gloss Baryta (Natural Line):<\/b><span style=\"font-weight: 400;\"> 305 g\/m\u00b2, 90% fibras de bamb\u00fa, 10% algod\u00f3n. La combinaci\u00f3n de bamb\u00fa + baritado es para quienes buscan sostenibilidad sin renunciar a calidad.<\/span><\/span><\/li><li style=\"font-weight: 400;\" aria-level=\"1\"><span style=\"font-family: Area; font-size: 12px;\"><b>Photo Rag\u00ae Sugar Cane (Natural Line)<\/b><span style=\"font-weight: 400;\">: 300 g\/m\u00b2, 70% bagazo de la ca\u00f1a de az\u00facar 30% algod\u00f3n, de grano fino y superficie texturizada bien definida. Otra base vegetal, para impresiones de car\u00e1cter ecol\u00f3gico.<\/span><\/span><\/li><li style=\"font-weight: 400;\" aria-level=\"1\"><span style=\"font-family: Area; font-size: 12px;\"><b>William Turner 190 g\/m\u00b2 y William Turner 310 g\/m\u00b2:<\/b><span style=\"font-weight: 400;\"> papeles de acuarela premium, tacto art\u00edstico, ideales para reproducciones con sensaci\u00f3n tradicional.<\/span><\/span><\/li><\/ul><p><span style=\"font-weight: 400; font-family: Area; font-size: 12px;\">Esta l\u00ednea garantiza caracter\u00edsticas de archivo (sin \u00e1cido, sin lignina, en muchos casos conformes a ISO 9706), lo cual asegura su idoneidad para coleccionistas y ediciones limitadas.<\/span><\/p><p><span style=\"font-family: Area; font-size: 12px;\"><b>Papeles y soportes de calidad premium:<\/b><\/span><\/p><ul><li style=\"font-weight: 400;\" aria-level=\"1\"><span style=\"font-weight: 400; font-family: Area; font-size: 12px;\">Premium Mat 230 g<\/span><\/li><li style=\"font-weight: 400;\" aria-level=\"1\"><span style=\"font-weight: 400; font-family: Area; font-size: 12px;\">Premium Mat Adhesivo<\/span><\/li><li style=\"font-weight: 400;\" aria-level=\"1\"><span style=\"font-weight: 400; font-family: Area; font-size: 12px;\">Premium lustre fotogr\u00e1fico 300 g<\/span><\/li><li style=\"font-weight: 400;\" aria-level=\"1\"><span style=\"font-weight: 400; font-family: Area; font-size: 12px;\">Lienzo de algod\u00f3n<\/span><\/li><li style=\"font-weight: 400;\" aria-level=\"1\"><span style=\"font-weight: 400; font-family: Area; font-size: 12px;\">Poster Paper 180 g<\/span><\/li><li style=\"font-weight: 400;\" aria-level=\"1\"><span style=\"font-weight: 400; font-family: Area; font-size: 12px;\">Backlight PVC<\/span><\/li><li style=\"font-weight: 400;\" aria-level=\"1\"><span style=\"font-weight: 400; font-family: Area; font-size: 12px;\">Vinilo para pared<\/span><\/li><\/ul><p><span style=\"font-family: Area; font-size: 12px;\"><span style=\"font-weight: 400;\">Estos soportes ofrecen una <\/span><b>opci\u00f3n m\u00e1s econ\u00f3mica<\/b><span style=\"font-weight: 400;\"> dentro de nuestra oferta, con <\/span><b>buena calidad de impresi\u00f3n<\/b><span style=\"font-weight: 400;\">, buen tacto o acabado, pero no est\u00e1n especialmente garantizados como libres de \u00e1cido o con est\u00e1ndar de archivo muse\u00edstico. Son ideales para proyectos decorativos, tiradas mayores o cuando el presupuesto es m\u00e1s ajustado, siempre con un resultado de calidad premium.<\/span><\/span><\/p><p>\u00a0<\/p>\t\t\t\t\t\t\t\t<\/div>\n\t\t\t\t<\/div>\n\t\t\t\t<div class=\"elementor-element elementor-element-a54bcb1 elementor-widget elementor-widget-heading\" data-id=\"a54bcb1\" data-element_type=\"widget\" data-e-type=\"widget\" data-widget_type=\"heading.default\">\n\t\t\t\t<div class=\"elementor-widget-container\">\n\t\t\t\t\t<h2 class=\"elementor-heading-title elementor-size-default\">Cu\u00e1les son las medidas m\u00e1ximas de impresi\u00f3n?<\/h2>\t\t\t\t<\/div>\n\t\t\t\t<\/div>\n\t\t\t\t<div class=\"elementor-element elementor-element-a7cd219 elementor-widget elementor-widget-text-editor\" data-id=\"a7cd219\" data-element_type=\"widget\" data-e-type=\"widget\" data-widget_type=\"text-editor.default\">\n\t\t\t\t<div class=\"elementor-widget-container\">\n\t\t\t\t\t\t\t\t\t<p><span style=\"font-weight: 400; font-family: Area; font-size: 12px;\">Podemos imprimir hasta 162 cm de ancho por el largo que permita la obra o el soporte seleccionado. Algunas opciones, como el aluminio o el acr\u00edlico, tienen limitaciones espec\u00edficas seg\u00fan el formato o el grosor del material, pero podemos adaptarnos a proyectos de gran formato sin perder calidad ni estabilidad.<\/span><\/p><p>\u00a0<\/p>\t\t\t\t\t\t\t\t<\/div>\n\t\t\t\t<\/div>\n\t\t\t\t<div class=\"elementor-element elementor-element-4b129ac elementor-widget elementor-widget-heading\" data-id=\"4b129ac\" data-element_type=\"widget\" data-e-type=\"widget\" data-widget_type=\"heading.default\">\n\t\t\t\t<div class=\"elementor-widget-container\">\n\t\t\t\t\t<h2 class=\"elementor-heading-title elementor-size-default\">C\u00f3mo puedo solicitar un presupuesto?<\/h2>\t\t\t\t<\/div>\n\t\t\t\t<\/div>\n\t\t\t\t<div class=\"elementor-element elementor-element-20b7aaa elementor-widget elementor-widget-text-editor\" data-id=\"20b7aaa\" data-element_type=\"widget\" data-e-type=\"widget\" data-widget_type=\"text-editor.default\">\n\t\t\t\t<div class=\"elementor-widget-container\">\n\t\t\t\t\t\t\t\t\t<p><span style=\"font-size: 12px;\"><span style=\"font-weight: 400;\">No trabajamos con una lista de precios fija, ya que cada obra requiere una combinaci\u00f3n \u00fanica de materiales, tama\u00f1os y acabados.<\/span><span style=\"font-weight: 400;\"><br \/><\/span><span style=\"font-weight: 400;\">Sin embargo, ofrecemos una amplia gama de opciones y presupuestos, siempre dentro del est\u00e1ndar de calidad Fine Art.<\/span><span style=\"font-weight: 400;\"><br \/><\/span><span style=\"font-weight: 400;\">Solo necesitas enviarnos los detalles de tu proyecto (tipo de obra, tama\u00f1o, soporte y tirada), y te responderemos con una propuesta personalizada.<\/span><\/span><\/p><p>\u00a0<\/p>\t\t\t\t\t\t\t\t<\/div>\n\t\t\t\t<\/div>\n\t\t\t\t<div class=\"elementor-element elementor-element-27d7186 elementor-widget elementor-widget-heading\" data-id=\"27d7186\" data-element_type=\"widget\" data-e-type=\"widget\" data-widget_type=\"heading.default\">\n\t\t\t\t<div class=\"elementor-widget-container\">\n\t\t\t\t\t<h2 class=\"elementor-heading-title elementor-size-default\">Puedo imprimir mis propias obras o fotograf\u00edas?<\/h2>\t\t\t\t<\/div>\n\t\t\t\t<\/div>\n\t\t\t\t<div class=\"elementor-element elementor-element-6483a2a elementor-widget elementor-widget-text-editor\" data-id=\"6483a2a\" data-element_type=\"widget\" data-e-type=\"widget\" data-widget_type=\"text-editor.default\">\n\t\t\t\t<div class=\"elementor-widget-container\">\n\t\t\t\t\t\t\t\t\t<p><span style=\"font-family: Area; font-size: 12px;\"><span style=\"font-weight: 400;\">S\u00ed. Trabajamos con artistas, fot\u00f3grafos y dise\u00f1adores que desean imprimir sus propias ediciones o exhibiciones. Acompa\u00f1amos todo el proceso, desde la selecci\u00f3n del papel hasta la calibraci\u00f3n del color final, para garantizar que el resultado refleje fielmente tu visi\u00f3n art\u00edstica.<\/span><span style=\"font-weight: 400;\"><br \/><\/span><span style=\"font-weight: 400;\">Solo necesitas enviarnos tus archivos digitales y te asesoraremos sobre el material, el acabado y el tama\u00f1o m\u00e1s adecuados.<\/span><\/span><\/p><p>\u00a0<\/p>\t\t\t\t\t\t\t\t<\/div>\n\t\t\t\t<\/div>\n\t\t\t\t<div class=\"elementor-element elementor-element-0b488ac elementor-widget elementor-widget-heading\" data-id=\"0b488ac\" data-element_type=\"widget\" data-e-type=\"widget\" data-widget_type=\"heading.default\">\n\t\t\t\t<div class=\"elementor-widget-container\">\n\t\t\t\t\t<h2 class=\"elementor-heading-title elementor-size-default\">Qu\u00e9 diferencia a Lightwall Prints de otros laboratorios de impresi\u00f3n?<\/h2>\t\t\t\t<\/div>\n\t\t\t\t<\/div>\n\t\t\t\t<div class=\"elementor-element elementor-element-5b7f9b9 elementor-widget elementor-widget-text-editor\" data-id=\"5b7f9b9\" data-element_type=\"widget\" data-e-type=\"widget\" data-widget_type=\"text-editor.default\">\n\t\t\t\t<div class=\"elementor-widget-container\">\n\t\t\t\t\t\t\t\t\t<p><span style=\"font-size: 12px; font-family: Area;\"><span style=\"font-weight: 400;\">Nuestra filosof\u00eda combina precisi\u00f3n t\u00e9cnica y sensibilidad art\u00edstica. Cada pieza se imprime y revisa individualmente por expertos en reproducci\u00f3n de bellas artes, que controlan el color, el acabado y el embalaje con atenci\u00f3n al detalle.<\/span><span style=\"font-weight: 400;\"><br \/><\/span><span style=\"font-weight: 400;\">Combinamos tecnolog\u00eda de impresi\u00f3n de \u00faltima generaci\u00f3n con una mirada curatorial, cuidando cada matiz de color, textura y presentaci\u00f3n.<\/span><span style=\"font-weight: 400;\"><br \/><\/span><span style=\"font-weight: 400;\">Adem\u00e1s, mantenemos una relaci\u00f3n cercana con nuestros clientes, ofreciendo un servicio de asesor\u00eda personalizada que convierte cada impresi\u00f3n en una experiencia colaborativa.<\/span><\/span><\/p><p>\u00a0<\/p>\t\t\t\t\t\t\t\t<\/div>\n\t\t\t\t<\/div>\n\t\t\t\t<div class=\"elementor-element elementor-element-478df82 elementor-widget elementor-widget-heading\" data-id=\"478df82\" data-element_type=\"widget\" data-e-type=\"widget\" data-widget_type=\"heading.default\">\n\t\t\t\t<div class=\"elementor-widget-container\">\n\t\t\t\t\t<h2 class=\"elementor-heading-title elementor-size-default\">Ofrecen servicios de enmarcado o montaje?<\/h2>\t\t\t\t<\/div>\n\t\t\t\t<\/div>\n\t\t\t\t<div class=\"elementor-element elementor-element-8bf2d43 elementor-widget elementor-widget-text-editor\" data-id=\"8bf2d43\" data-element_type=\"widget\" data-e-type=\"widget\" data-widget_type=\"text-editor.default\">\n\t\t\t\t<div class=\"elementor-widget-container\">\n\t\t\t\t\t\t\t\t\t<p><span style=\"font-weight: 400; font-family: Area; font-size: 12px;\">S\u00ed, ofrecemos montaje sobre bastidor para canvas, enmarcados de galer\u00eda y opciones personalizadas en aluminio, acr\u00edlico o madera. Cada pieza se entrega lista para colgar o exhibir.<\/span><\/p>\t\t\t\t\t\t\t\t<\/div>\n\t\t\t\t<\/div>\n\t\t\t\t\t<\/div>\n\t\t\t\t<\/div>\n\t\t\t\t<\/div>\n\t\t","protected":false},"excerpt":{"rendered":"<p>volver Preguntas frecuentes (FAQ) Qu\u00e9 tipo de impresiones ofrece Lightwall Prints? En Lightwall Prints nos especializamos en impresi\u00f3n de bellas artes, reproducciones fotogr\u00e1ficas, obras de edici\u00f3n limitada y proyectos decorativos personalizados. Trabajamos con papeles y lienzos certificados de calidad muse\u00edstica, garantizando una fidelidad crom\u00e1tica excepcional y una reproducci\u00f3n precisa de cada obra \u00a0 Qu\u00e9 tecnolog\u00eda [&hellip;]<\/p>\n","protected":false},"author":2,"featured_media":0,"parent":0,"menu_order":0,"comment_status":"closed","ping_status":"closed","template":"","meta":{"_acf_changed":false,"inline_featured_image":false,"footnotes":""},"class_list":["post-6913","page","type-page","status-publish","hentry"],"acf":[],"_links":{"self":[{"href":"https:\/\/test.lightwallprints.com\/es\/wp-json\/wp\/v2\/pages\/6913","targetHints":{"allow":["GET"]}}],"collection":[{"href":"https:\/\/test.lightwallprints.com\/es\/wp-json\/wp\/v2\/pages"}],"about":[{"href":"https:\/\/test.lightwallprints.com\/es\/wp-json\/wp\/v2\/types\/page"}],"author":[{"embeddable":true,"href":"https:\/\/test.lightwallprints.com\/es\/wp-json\/wp\/v2\/users\/2"}],"replies":[{"embeddable":true,"href":"https:\/\/test.lightwallprints.com\/es\/wp-json\/wp\/v2\/comments?post=6913"}],"version-history":[{"count":14,"href":"https:\/\/test.lightwallprints.com\/es\/wp-json\/wp\/v2\/pages\/6913\/revisions"}],"predecessor-version":[{"id":7031,"href":"https:\/\/test.lightwallprints.com\/es\/wp-json\/wp\/v2\/pages\/6913\/revisions\/7031"}],"wp:attachment":[{"href":"https:\/\/test.lightwallprints.com\/es\/wp-json\/wp\/v2\/media?parent=6913"}],"curies":[{"name":"wp","href":"https:\/\/api.w.org\/{rel}","templated":true}]}}